{"id":878,"date":"2024-06-05T15:53:03","date_gmt":"2024-06-05T13:53:03","guid":{"rendered":"https:\/\/estudiofotograficoericadomenech.com\/home\/"},"modified":"2024-07-23T11:54:34","modified_gmt":"2024-07-23T09:54:34","slug":"home","status":"publish","type":"page","link":"https:\/\/estudiofotograficoericadomenech.com\/va\/","title":{"rendered":"Home"},"content":{"rendered":"\t\t<div data-elementor-type=\"wp-page\" data-elementor-id=\"878\" class=\"elementor elementor-878 elementor-8\" data-elementor-post-type=\"page\">\n\t\t\t\t<div class=\"elementor-element elementor-element-ff2487b e-flex e-con-boxed e-con e-parent\" data-id=\"ff2487b\" data-element_type=\"container\" data-e-type=\"container\" data-settings=\"{&quot;background_background&quot;:&quot;slideshow&quot;,&quot;background_slideshow_gallery&quot;:[{&quot;id&quot;:74,&quot;url&quot;:&quot;https:\\\/\\\/estudiofotograficoericadomenech.com\\\/wp-content\\\/uploads\\\/2024\\\/06\\\/hero-home.jpg&quot;},{&quot;id&quot;:440,&quot;url&quot;:&quot;https:\\\/\\\/estudiofotograficoericadomenech.com\\\/wp-content\\\/uploads\\\/2024\\\/07\\\/hero-home7.jpg&quot;},{&quot;id&quot;:441,&quot;url&quot;:&quot;https:\\\/\\\/estudiofotograficoericadomenech.com\\\/wp-content\\\/uploads\\\/2024\\\/07\\\/hero-home8.jpg&quot;},{&quot;id&quot;:448,&quot;url&quot;:&quot;https:\\\/\\\/estudiofotograficoericadomenech.com\\\/wp-content\\\/uploads\\\/2024\\\/07\\\/hero-home15.jpg&quot;},{&quot;id&quot;:442,&quot;url&quot;:&quot;https:\\\/\\\/estudiofotograficoericadomenech.com\\\/wp-content\\\/uploads\\\/2024\\\/07\\\/hero-home9.jpg&quot;},{&quot;id&quot;:443,&quot;url&quot;:&quot;https:\\\/\\\/estudiofotograficoericadomenech.com\\\/wp-content\\\/uploads\\\/2024\\\/07\\\/hero-home10.jpg&quot;},{&quot;id&quot;:439,&quot;url&quot;:&quot;https:\\\/\\\/estudiofotograficoericadomenech.com\\\/wp-content\\\/uploads\\\/2024\\\/07\\\/hero-home6.jpg&quot;},{&quot;id&quot;:445,&quot;url&quot;:&quot;https:\\\/\\\/estudiofotograficoericadomenech.com\\\/wp-content\\\/uploads\\\/2024\\\/07\\\/hero-home12.jpg&quot;},{&quot;id&quot;:446,&quot;url&quot;:&quot;https:\\\/\\\/estudiofotograficoericadomenech.com\\\/wp-content\\\/uploads\\\/2024\\\/07\\\/hero-home13.jpg&quot;},{&quot;id&quot;:447,&quot;url&quot;:&quot;https:\\\/\\\/estudiofotograficoericadomenech.com\\\/wp-content\\\/uploads\\\/2024\\\/07\\\/hero-home14.jpg&quot;},{&quot;id&quot;:449,&quot;url&quot;:&quot;https:\\\/\\\/estudiofotograficoericadomenech.com\\\/wp-content\\\/uploads\\\/2024\\\/07\\\/hero-home2.jpg&quot;},{&quot;id&quot;:450,&quot;url&quot;:&quot;https:\\\/\\\/estudiofotograficoericadomenech.com\\\/wp-content\\\/uploads\\\/2024\\\/07\\\/hero-home3.jpg&quot;},{&quot;id&quot;:451,&quot;url&quot;:&quot;https:\\\/\\\/estudiofotograficoericadomenech.com\\\/wp-content\\\/uploads\\\/2024\\\/07\\\/hero-home4.jpg&quot;},{&quot;id&quot;:452,&quot;url&quot;:&quot;https:\\\/\\\/estudiofotograficoericadomenech.com\\\/wp-content\\\/uploads\\\/2024\\\/07\\\/hero-home5.jpg&quot;}],&quot;background_slideshow_slide_duration&quot;:4000,&quot;background_slideshow_ken_burns&quot;:&quot;yes&quot;,&quot;background_slideshow_loop&quot;:&quot;yes&quot;,&quot;background_slideshow_slide_transition&quot;:&quot;fade&quot;,&quot;background_slideshow_transition_duration&quot;:500,&quot;background_slideshow_ken_burns_zoom_direction&quot;:&quot;in&quot;}\">\n\t\t\t\t\t<div class=\"e-con-inner\">\n\t\t\t\t\t<\/div>\n\t\t\t\t<\/div>\n\t\t<div class=\"elementor-element elementor-element-543f36d e-flex e-con-boxed e-con e-parent\" data-id=\"543f36d\" data-element_type=\"container\" data-e-type=\"container\" data-settings=\"{&quot;background_background&quot;:&quot;classic&quot;}\">\n\t\t\t\t\t<div class=\"e-con-inner\">\n\t\t<div class=\"elementor-element elementor-element-895845c e-con-full e-flex e-con e-child\" data-id=\"895845c\" data-element_type=\"container\" data-e-type=\"container\">\n\t\t\t\t<div class=\"elementor-element elementor-element-3316ecd elementor-invisible elementor-widget elementor-widget-image\" data-id=\"3316ecd\" data-element_type=\"widget\" data-e-type=\"widget\" data-settings=\"{&quot;_animation&quot;:&quot;fadeInUp&quot;}\" data-widget_type=\"image.default\">\n\t\t\t\t<div class=\"elementor-widget-container\">\n\t\t\t\t\t\t\t\t\t\t\t\t\t\t\t<img fetchpriority=\"high\" decoding=\"async\" width=\"600\" height=\"600\" src=\"https:\/\/estudiofotograficoericadomenech.com\/wp-content\/uploads\/2024\/06\/home-new-born.jpg\" class=\"attachment-full size-full wp-image-87\" alt=\"\" srcset=\"https:\/\/estudiofotograficoericadomenech.com\/wp-content\/uploads\/2024\/06\/home-new-born.jpg 600w, https:\/\/estudiofotograficoericadomenech.com\/wp-content\/uploads\/2024\/06\/home-new-born-300x300.jpg 300w, https:\/\/estudiofotograficoericadomenech.com\/wp-content\/uploads\/2024\/06\/home-new-born-150x150.jpg 150w\" sizes=\"(max-width: 600px) 100vw, 600px\" \/>\t\t\t\t\t\t\t\t\t\t\t\t\t\t\t<\/div>\n\t\t\t\t<\/div>\n\t\t\t\t<\/div>\n\t\t<div class=\"elementor-element elementor-element-a00d97a e-con-full e-flex elementor-invisible e-con e-child\" data-id=\"a00d97a\" data-element_type=\"container\" data-e-type=\"container\" data-settings=\"{&quot;animation&quot;:&quot;fadeInRight&quot;}\">\n\t\t\t\t<div class=\"elementor-element elementor-element-dc9597e elementor-widget elementor-widget-heading\" data-id=\"dc9597e\" data-element_type=\"widget\" data-e-type=\"widget\" data-widget_type=\"heading.default\">\n\t\t\t\t<div class=\"elementor-widget-container\">\n\t\t\t\t\t<h2 class=\"elementor-heading-title elementor-size-default\">Soc \u00c9rica, fot\u00f2grafa infantil i de fam\u00edlia<\/h2>\t\t\t\t<\/div>\n\t\t\t\t<\/div>\n\t\t\t\t<div class=\"elementor-element elementor-element-7989821 elementor-widget elementor-widget-text-editor\" data-id=\"7989821\" data-element_type=\"widget\" data-e-type=\"widget\" data-widget_type=\"text-editor.default\">\n\t\t\t\t<div class=\"elementor-widget-container\">\n\t\t\t\t\t\t\t\t\t<p>En el meu estudi fotogr\u00e0fic a Alacant pose a la teua disposici\u00f3 un espai exclusiu on crear\u00e9 les fotos que formaran part del record dels teus sers estimats. Sessions de fotos d&#8217;embar\u00e0s, nounat i fam\u00edlia.<\/p>\n<p>Un estudi pensat per a fer de l&#8217;experi\u00e8ncia fotogr\u00e0fica un moment un poc diferent, acollidor i amb la sensaci\u00f3 de sentir-te com a casa.<\/p>\n<p>Esta persona soc jo, exigent amb mi mateixa i apassionada amb cadascuna de les coses que faig.<\/p>\t\t\t\t\t\t\t\t<\/div>\n\t\t\t\t<\/div>\n\t\t\t\t<\/div>\n\t\t\t\t\t<\/div>\n\t\t\t\t<\/div>\n\t\t<div class=\"elementor-element elementor-element-091cf2c e-con-full e-flex e-con e-parent\" data-id=\"091cf2c\" data-element_type=\"container\" data-e-type=\"container\">\n\t\t<div class=\"elementor-element elementor-element-8bd4a23 e-grid e-con-full e-con e-child\" data-id=\"8bd4a23\" data-element_type=\"container\" data-e-type=\"container\">\n\t\t<div class=\"elementor-element elementor-element-dee10b7 e-flex e-con-boxed e-con e-child\" data-id=\"dee10b7\" data-element_type=\"container\" data-e-type=\"container\" data-settings=\"{&quot;background_background&quot;:&quot;classic&quot;}\">\n\t\t\t\t\t<div class=\"e-con-inner\">\n\t\t\t\t<div class=\"elementor-element elementor-element-e609e27 elementor-align-center elementor-widget elementor-widget-button\" data-id=\"e609e27\" data-element_type=\"widget\" data-e-type=\"widget\" data-widget_type=\"button.default\">\n\t\t\t\t<div class=\"elementor-widget-container\">\n\t\t\t\t\t\t\t\t\t<div class=\"elementor-button-wrapper\">\n\t\t\t\t\t<a class=\"elementor-button elementor-button-link elementor-size-sm\" href=\"https:\/\/estudiofotograficoericadomenech.com\/va\/familiar\/\">\n\t\t\t\t\t\t<span class=\"elementor-button-content-wrapper\">\n\t\t\t\t\t\t\t\t\t<span class=\"elementor-button-text\">familiar<\/span>\n\t\t\t\t\t<\/span>\n\t\t\t\t\t<\/a>\n\t\t\t\t<\/div>\n\t\t\t\t\t\t\t\t<\/div>\n\t\t\t\t<\/div>\n\t\t\t\t\t<\/div>\n\t\t\t\t<\/div>\n\t\t<div class=\"elementor-element elementor-element-353efa0 e-flex e-con-boxed e-con e-child\" data-id=\"353efa0\" data-element_type=\"container\" data-e-type=\"container\" data-settings=\"{&quot;background_background&quot;:&quot;classic&quot;}\">\n\t\t\t\t\t<div class=\"e-con-inner\">\n\t\t\t\t<div class=\"elementor-element elementor-element-831dbb6 elementor-align-center elementor-widget elementor-widget-button\" data-id=\"831dbb6\" data-element_type=\"widget\" data-e-type=\"widget\" data-widget_type=\"button.default\">\n\t\t\t\t<div class=\"elementor-widget-container\">\n\t\t\t\t\t\t\t\t\t<div class=\"elementor-button-wrapper\">\n\t\t\t\t\t<a class=\"elementor-button elementor-button-link elementor-size-sm\" href=\"https:\/\/estudiofotograficoericadomenech.com\/va\/familiar\/embaras\/\">\n\t\t\t\t\t\t<span class=\"elementor-button-content-wrapper\">\n\t\t\t\t\t\t\t\t\t<span class=\"elementor-button-text\">embar\u00e0s<\/span>\n\t\t\t\t\t<\/span>\n\t\t\t\t\t<\/a>\n\t\t\t\t<\/div>\n\t\t\t\t\t\t\t\t<\/div>\n\t\t\t\t<\/div>\n\t\t\t\t\t<\/div>\n\t\t\t\t<\/div>\n\t\t<div class=\"elementor-element elementor-element-7182259 e-flex e-con-boxed e-con e-child\" data-id=\"7182259\" data-element_type=\"container\" data-e-type=\"container\" data-settings=\"{&quot;background_background&quot;:&quot;classic&quot;}\">\n\t\t\t\t\t<div class=\"e-con-inner\">\n\t\t\t\t<div class=\"elementor-element elementor-element-5f8e482 elementor-align-center elementor-widget elementor-widget-button\" data-id=\"5f8e482\" data-element_type=\"widget\" data-e-type=\"widget\" data-widget_type=\"button.default\">\n\t\t\t\t<div class=\"elementor-widget-container\">\n\t\t\t\t\t\t\t\t\t<div class=\"elementor-button-wrapper\">\n\t\t\t\t\t<a class=\"elementor-button elementor-button-link elementor-size-sm\" href=\"https:\/\/estudiofotograficoericadomenech.com\/va\/events\">\n\t\t\t\t\t\t<span class=\"elementor-button-content-wrapper\">\n\t\t\t\t\t\t\t\t\t<span class=\"elementor-button-text\">events<\/span>\n\t\t\t\t\t<\/span>\n\t\t\t\t\t<\/a>\n\t\t\t\t<\/div>\n\t\t\t\t\t\t\t\t<\/div>\n\t\t\t\t<\/div>\n\t\t\t\t\t<\/div>\n\t\t\t\t<\/div>\n\t\t\t\t<\/div>\n\t\t<div class=\"elementor-element elementor-element-c864297 e-con-full e-flex e-con e-child\" data-id=\"c864297\" data-element_type=\"container\" data-e-type=\"container\" data-settings=\"{&quot;background_background&quot;:&quot;classic&quot;}\">\n\t\t\t\t<div class=\"elementor-element elementor-element-79b3355 elementor-align-center elementor-widget elementor-widget-button\" data-id=\"79b3355\" data-element_type=\"widget\" data-e-type=\"widget\" data-widget_type=\"button.default\">\n\t\t\t\t<div class=\"elementor-widget-container\">\n\t\t\t\t\t\t\t\t\t<div class=\"elementor-button-wrapper\">\n\t\t\t\t\t<a class=\"elementor-button elementor-button-link elementor-size-sm\" href=\"https:\/\/estudiofotograficoericadomenech.com\/va\/mascotes\">\n\t\t\t\t\t\t<span class=\"elementor-button-content-wrapper\">\n\t\t\t\t\t\t\t\t\t<span class=\"elementor-button-text\">mascotes<\/span>\n\t\t\t\t\t<\/span>\n\t\t\t\t\t<\/a>\n\t\t\t\t<\/div>\n\t\t\t\t\t\t\t\t<\/div>\n\t\t\t\t<\/div>\n\t\t\t\t<\/div>\n\t\t\t\t<\/div>\n\t\t\t\t<\/div>\n\t\t","protected":false},"excerpt":{"rendered":"<p>Soc \u00c9rica, fot\u00f2grafa infantil i de fam\u00edlia En el meu estudi fotogr\u00e0fic a Alacant pose a la teua disposici\u00f3 un espai exclusiu on crear\u00e9 les fotos que formaran part del record dels teus sers estimats. Sessions de fotos d&#8217;embar\u00e0s, nounat i fam\u00edlia. Un estudi pensat per a fer de l&#8217;experi\u00e8ncia fotogr\u00e0fica un moment un poc [&hellip;]<\/p>\n","protected":false},"author":4,"featured_media":0,"parent":0,"menu_order":0,"comment_status":"closed","ping_status":"closed","template":"","meta":{"_acf_changed":false,"inline_featured_image":false,"ngg_post_thumbnail":0,"footnotes":""},"class_list":["post-878","page","type-page","status-publish","hentry"],"acf":[],"yoast_head":"<!-- This site is optimized with the Yoast SEO plugin v26.9 - https:\/\/yoast.com\/product\/yoast-seo-wordpress\/ -->\n<title>Home | Erica Domenech<\/title>\n<meta name=\"description\" content=\"Soc \u00c9rica, fot\u00f2grafa infantil i de fam\u00edlia En el meu estudi fotogr\u00e0fic a Alacant pose a la teua disposici\u00f3 un espai exclusiu on crear\u00e9 les fotos que\" \/>\n<meta name=\"robots\" content=\"index, follow, max-snippet:-1, max-image-preview:large, max-video-preview:-1\" \/>\n<link rel=\"canonical\" href=\"https:\/\/estudiofotograficoericadomenech.com\/va\/\" \/>\n<meta property=\"og:locale\" content=\"en_US\" \/>\n<meta property=\"og:type\" content=\"article\" \/>\n<meta property=\"og:title\" content=\"Home | Erica Domenech\" \/>\n<meta property=\"og:description\" content=\"Soc \u00c9rica, fot\u00f2grafa infantil i de fam\u00edlia En el meu estudi fotogr\u00e0fic a Alacant pose a la teua disposici\u00f3 un espai exclusiu on crear\u00e9 les fotos que\" \/>\n<meta property=\"og:url\" content=\"https:\/\/estudiofotograficoericadomenech.com\/va\/\" \/>\n<meta property=\"og:site_name\" content=\"Erica Domenech\" \/>\n<meta property=\"article:modified_time\" content=\"2024-07-23T09:54:34+00:00\" \/>\n<meta property=\"og:image\" content=\"https:\/\/estudiofotograficoericadomenech.com\/wp-content\/uploads\/2024\/06\/home-new-born.jpg\" \/>\n<meta name=\"twitter:card\" content=\"summary_large_image\" \/>\n<meta name=\"twitter:label1\" content=\"Est. reading time\" \/>\n\t<meta name=\"twitter:data1\" content=\"1 minute\" \/>\n<script type=\"application\/ld+json\" class=\"yoast-schema-graph\">{\"@context\":\"https:\/\/schema.org\",\"@graph\":[{\"@type\":\"WebPage\",\"@id\":\"https:\/\/estudiofotograficoericadomenech.com\/va\/\",\"url\":\"https:\/\/estudiofotograficoericadomenech.com\/va\/\",\"name\":\"Home | Erica Domenech\",\"isPartOf\":{\"@id\":\"https:\/\/estudiofotograficoericadomenech.com\/va\/#website\"},\"primaryImageOfPage\":{\"@id\":\"https:\/\/estudiofotograficoericadomenech.com\/va\/#primaryimage\"},\"image\":{\"@id\":\"https:\/\/estudiofotograficoericadomenech.com\/va\/#primaryimage\"},\"thumbnailUrl\":\"https:\/\/estudiofotograficoericadomenech.com\/wp-content\/uploads\/2024\/06\/home-new-born.jpg\",\"datePublished\":\"2024-06-05T13:53:03+00:00\",\"dateModified\":\"2024-07-23T09:54:34+00:00\",\"description\":\"Soc \u00c9rica, fot\u00f2grafa infantil i de fam\u00edlia En el meu estudi fotogr\u00e0fic a Alacant pose a la teua disposici\u00f3 un espai exclusiu on crear\u00e9 les fotos que\",\"breadcrumb\":{\"@id\":\"https:\/\/estudiofotograficoericadomenech.com\/va\/#breadcrumb\"},\"inLanguage\":\"va-ES\",\"potentialAction\":[{\"@type\":\"ReadAction\",\"target\":[\"https:\/\/estudiofotograficoericadomenech.com\/va\/\"]}]},{\"@type\":\"ImageObject\",\"inLanguage\":\"va-ES\",\"@id\":\"https:\/\/estudiofotograficoericadomenech.com\/va\/#primaryimage\",\"url\":\"https:\/\/estudiofotograficoericadomenech.com\/wp-content\/uploads\/2024\/06\/home-new-born.jpg\",\"contentUrl\":\"https:\/\/estudiofotograficoericadomenech.com\/wp-content\/uploads\/2024\/06\/home-new-born.jpg\"},{\"@type\":\"BreadcrumbList\",\"@id\":\"https:\/\/estudiofotograficoericadomenech.com\/va\/#breadcrumb\",\"itemListElement\":[{\"@type\":\"ListItem\",\"position\":1,\"name\":\"Home\",\"item\":\"https:\/\/estudiofotograficoericadomenech.com\/va\/\"},{\"@type\":\"ListItem\",\"position\":2,\"name\":\"Home\"}]},{\"@type\":\"WebSite\",\"@id\":\"https:\/\/estudiofotograficoericadomenech.com\/va\/#website\",\"url\":\"https:\/\/estudiofotograficoericadomenech.com\/va\/\",\"name\":\"Erica Domenech\",\"description\":\"Estudio Fotogr\u00e1fico Infantil y de Familia en Xixona\",\"potentialAction\":[{\"@type\":\"SearchAction\",\"target\":{\"@type\":\"EntryPoint\",\"urlTemplate\":\"https:\/\/estudiofotograficoericadomenech.com\/va\/?s={search_term_string}\"},\"query-input\":{\"@type\":\"PropertyValueSpecification\",\"valueRequired\":true,\"valueName\":\"search_term_string\"}}],\"inLanguage\":\"va-ES\"}]}<\/script>\n<!-- \/ Yoast SEO plugin. -->","yoast_head_json":{"title":"Home | Erica Domenech","description":"Soc \u00c9rica, fot\u00f2grafa infantil i de fam\u00edlia En el meu estudi fotogr\u00e0fic a Alacant pose a la teua disposici\u00f3 un espai exclusiu on crear\u00e9 les fotos que","robots":{"index":"index","follow":"follow","max-snippet":"max-snippet:-1","max-image-preview":"max-image-preview:large","max-video-preview":"max-video-preview:-1"},"canonical":"https:\/\/estudiofotograficoericadomenech.com\/va\/","og_locale":"en_US","og_type":"article","og_title":"Home | Erica Domenech","og_description":"Soc \u00c9rica, fot\u00f2grafa infantil i de fam\u00edlia En el meu estudi fotogr\u00e0fic a Alacant pose a la teua disposici\u00f3 un espai exclusiu on crear\u00e9 les fotos que","og_url":"https:\/\/estudiofotograficoericadomenech.com\/va\/","og_site_name":"Erica Domenech","article_modified_time":"2024-07-23T09:54:34+00:00","og_image":[{"url":"https:\/\/estudiofotograficoericadomenech.com\/wp-content\/uploads\/2024\/06\/home-new-born.jpg","type":"","width":"","height":""}],"twitter_card":"summary_large_image","twitter_misc":{"Est. reading time":"1 minute"},"schema":{"@context":"https:\/\/schema.org","@graph":[{"@type":"WebPage","@id":"https:\/\/estudiofotograficoericadomenech.com\/va\/","url":"https:\/\/estudiofotograficoericadomenech.com\/va\/","name":"Home | Erica Domenech","isPartOf":{"@id":"https:\/\/estudiofotograficoericadomenech.com\/va\/#website"},"primaryImageOfPage":{"@id":"https:\/\/estudiofotograficoericadomenech.com\/va\/#primaryimage"},"image":{"@id":"https:\/\/estudiofotograficoericadomenech.com\/va\/#primaryimage"},"thumbnailUrl":"https:\/\/estudiofotograficoericadomenech.com\/wp-content\/uploads\/2024\/06\/home-new-born.jpg","datePublished":"2024-06-05T13:53:03+00:00","dateModified":"2024-07-23T09:54:34+00:00","description":"Soc \u00c9rica, fot\u00f2grafa infantil i de fam\u00edlia En el meu estudi fotogr\u00e0fic a Alacant pose a la teua disposici\u00f3 un espai exclusiu on crear\u00e9 les fotos que","breadcrumb":{"@id":"https:\/\/estudiofotograficoericadomenech.com\/va\/#breadcrumb"},"inLanguage":"va-ES","potentialAction":[{"@type":"ReadAction","target":["https:\/\/estudiofotograficoericadomenech.com\/va\/"]}]},{"@type":"ImageObject","inLanguage":"va-ES","@id":"https:\/\/estudiofotograficoericadomenech.com\/va\/#primaryimage","url":"https:\/\/estudiofotograficoericadomenech.com\/wp-content\/uploads\/2024\/06\/home-new-born.jpg","contentUrl":"https:\/\/estudiofotograficoericadomenech.com\/wp-content\/uploads\/2024\/06\/home-new-born.jpg"},{"@type":"BreadcrumbList","@id":"https:\/\/estudiofotograficoericadomenech.com\/va\/#breadcrumb","itemListElement":[{"@type":"ListItem","position":1,"name":"Home","item":"https:\/\/estudiofotograficoericadomenech.com\/va\/"},{"@type":"ListItem","position":2,"name":"Home"}]},{"@type":"WebSite","@id":"https:\/\/estudiofotograficoericadomenech.com\/va\/#website","url":"https:\/\/estudiofotograficoericadomenech.com\/va\/","name":"Erica Domenech","description":"Estudio Fotogr\u00e1fico Infantil y de Familia en Xixona","potentialAction":[{"@type":"SearchAction","target":{"@type":"EntryPoint","urlTemplate":"https:\/\/estudiofotograficoericadomenech.com\/va\/?s={search_term_string}"},"query-input":{"@type":"PropertyValueSpecification","valueRequired":true,"valueName":"search_term_string"}}],"inLanguage":"va-ES"}]}},"_links":{"self":[{"href":"https:\/\/estudiofotograficoericadomenech.com\/va\/wp-json\/wp\/v2\/pages\/878","targetHints":{"allow":["GET"]}}],"collection":[{"href":"https:\/\/estudiofotograficoericadomenech.com\/va\/wp-json\/wp\/v2\/pages"}],"about":[{"href":"https:\/\/estudiofotograficoericadomenech.com\/va\/wp-json\/wp\/v2\/types\/page"}],"author":[{"embeddable":true,"href":"https:\/\/estudiofotograficoericadomenech.com\/va\/wp-json\/wp\/v2\/users\/4"}],"replies":[{"embeddable":true,"href":"https:\/\/estudiofotograficoericadomenech.com\/va\/wp-json\/wp\/v2\/comments?post=878"}],"version-history":[{"count":0,"href":"https:\/\/estudiofotograficoericadomenech.com\/va\/wp-json\/wp\/v2\/pages\/878\/revisions"}],"wp:attachment":[{"href":"https:\/\/estudiofotograficoericadomenech.com\/va\/wp-json\/wp\/v2\/media?parent=878"}],"curies":[{"name":"wp","href":"https:\/\/api.w.org\/{rel}","templated":true}]}}