{"id":926,"date":"2024-06-06T05:43:45","date_gmt":"2024-06-06T03:43:45","guid":{"rendered":"https:\/\/estudiofotograficoericadomenech.com\/reservas\/"},"modified":"2024-07-23T15:35:36","modified_gmt":"2024-07-23T13:35:36","slug":"reserves","status":"publish","type":"page","link":"https:\/\/estudiofotograficoericadomenech.com\/va\/reserves\/","title":{"rendered":"Reserves"},"content":{"rendered":"\t\t<div data-elementor-type=\"wp-page\" data-elementor-id=\"926\" class=\"elementor elementor-926 elementor-20\" data-elementor-post-type=\"page\">\n\t\t\t\t<div class=\"elementor-element elementor-element-a17ae7e e-flex e-con-boxed e-con e-parent\" data-id=\"a17ae7e\" data-element_type=\"container\" data-e-type=\"container\" data-settings=\"{&quot;background_background&quot;:&quot;classic&quot;}\">\n\t\t\t\t\t<div class=\"e-con-inner\">\n\t\t\t\t\t<\/div>\n\t\t\t\t<\/div>\n\t\t<div class=\"elementor-element elementor-element-5ed7f639 e-flex e-con-boxed e-con e-parent\" data-id=\"5ed7f639\" data-element_type=\"container\" data-e-type=\"container\">\n\t\t\t\t\t<div class=\"e-con-inner\">\n\t\t<div class=\"elementor-element elementor-element-d274045 e-con-full e-flex e-con e-child\" data-id=\"d274045\" data-element_type=\"container\" data-e-type=\"container\">\n\t\t\t\t<div class=\"elementor-element elementor-element-59d0702b elementor-widget elementor-widget-heading\" data-id=\"59d0702b\" data-element_type=\"widget\" data-e-type=\"widget\" data-widget_type=\"heading.default\">\n\t\t\t\t<div class=\"elementor-widget-container\">\n\t\t\t\t\t<h1 class=\"elementor-heading-title elementor-size-default\">Reserves<\/h1>\t\t\t\t<\/div>\n\t\t\t\t<\/div>\n\t\t\t\t<div class=\"elementor-element elementor-element-2e9b3a76 elementor-widget-divider--view-line elementor-widget elementor-widget-divider\" data-id=\"2e9b3a76\" data-element_type=\"widget\" data-e-type=\"widget\" data-widget_type=\"divider.default\">\n\t\t\t\t<div class=\"elementor-widget-container\">\n\t\t\t\t\t\t\t<div class=\"elementor-divider\">\n\t\t\t<span class=\"elementor-divider-separator\">\n\t\t\t\t\t\t<\/span>\n\t\t<\/div>\n\t\t\t\t\t\t<\/div>\n\t\t\t\t<\/div>\n\t\t\t\t<div class=\"elementor-element elementor-element-6b73a07c elementor-widget elementor-widget-heading\" data-id=\"6b73a07c\" data-element_type=\"widget\" data-e-type=\"widget\" data-widget_type=\"heading.default\">\n\t\t\t\t<div class=\"elementor-widget-container\">\n\t\t\t\t\t<p class=\"elementor-heading-title elementor-size-default\">Planifica la teua sessi\u00f3 de fotos d'una manera senzilla i c\u00f2moda.<\/p>\t\t\t\t<\/div>\n\t\t\t\t<\/div>\n\t\t\t\t<\/div>\n\t\t<div class=\"elementor-element elementor-element-7ae98948 e-con-full e-flex e-con e-child\" data-id=\"7ae98948\" data-element_type=\"container\" data-e-type=\"container\">\n\t\t\t\t<div class=\"elementor-element elementor-element-7d74a167 elementor-widget elementor-widget-text-editor\" data-id=\"7d74a167\" data-element_type=\"widget\" data-e-type=\"widget\" data-widget_type=\"text-editor.default\">\n\t\t\t\t<div class=\"elementor-widget-container\">\n\t\t\t\t\t\t\t\t\tTria el dia i l&#8217;hora que millor s&#8217;adapten a tu per a assegurar-te una experi\u00e8ncia personalitzada i d&#8217;atenci\u00f3 exclusiva A continuaci\u00f3, pots reservar la teua sessi\u00f3 a trav\u00e9s del calendari interactiu. \u00c9s recomanable reservar les sessions amb antelaci\u00f3 per a poder assegurar-te de la nostra disponibilitat i dedicar-te el temps necessari i l&#8217;atenci\u00f3 que requerisques. Volem que gaudis d&#8217;una experi\u00e8ncia sense complicacions, enfocant-te nom\u00e9s en el moment.\t\t\t\t\t\t\t\t<\/div>\n\t\t\t\t<\/div>\n\t\t\t\t<div class=\"elementor-element elementor-element-1767962 bookings elementor-widget elementor-widget-html\" data-id=\"1767962\" data-element_type=\"widget\" data-e-type=\"widget\" data-widget_type=\"html.default\">\n\t\t\t\t<div class=\"elementor-widget-container\">\n\t\t\t\t\t<object height=\"600\" data=\"https:\/\/app.lookandflow.com\/api\/cembed?cid=L38QMHqyKaGFtdCwL\"><\/object>\t\t\t\t<\/div>\n\t\t\t\t<\/div>\n\t\t\t\t<div class=\"elementor-element elementor-element-b685894 elementor-align-center elementor-widget elementor-widget-button\" data-id=\"b685894\" data-element_type=\"widget\" data-e-type=\"widget\" data-widget_type=\"button.default\">\n\t\t\t\t<div class=\"elementor-widget-container\">\n\t\t\t\t\t\t\t\t\t<div class=\"elementor-button-wrapper\">\n\t\t\t\t\t<a class=\"elementor-button elementor-button-link elementor-size-sm\" href=\"https:\/\/reservas.lookandflow.com\/bookings\/L38QMHqyKaGFtdCwL\" target=\"_blank\" rel=\"nofollow\">\n\t\t\t\t\t\t<span class=\"elementor-button-content-wrapper\">\n\t\t\t\t\t\t\t\t\t<span class=\"elementor-button-text\">Reserves<\/span>\n\t\t\t\t\t<\/span>\n\t\t\t\t\t<\/a>\n\t\t\t\t<\/div>\n\t\t\t\t\t\t\t\t<\/div>\n\t\t\t\t<\/div>\n\t\t\t\t<\/div>\n\t\t\t\t\t<\/div>\n\t\t\t\t<\/div>\n\t\t\t\t<\/div>\n\t\t","protected":false},"excerpt":{"rendered":"<p>Planifica la teua sessi\u00f3 de fotos d&#8217;una manera senzilla i c\u00f2moda. Tria el dia i l&#8217;hora que millor s&#8217;adapten a tu per a assegurar-te una experi\u00e8ncia personalitzada i d&#8217;atenci\u00f3 exclusiva A continuaci\u00f3, pots reservar la teua sessi\u00f3 a trav\u00e9s del calendari interactiu. \u00c9s recomanable reservar les sessions amb antelaci\u00f3 per a poder assegurar-te de la [&hellip;]<\/p>\n","protected":false},"author":4,"featured_media":12841,"parent":0,"menu_order":14,"comment_status":"closed","ping_status":"closed","template":"","meta":{"_acf_changed":false,"inline_featured_image":false,"ngg_post_thumbnail":0,"footnotes":""},"class_list":["post-926","page","type-page","status-publish","has-post-thumbnail","hentry"],"acf":[],"yoast_head":"<!-- This site is optimized with the Yoast SEO plugin v26.9 - https:\/\/yoast.com\/product\/yoast-seo-wordpress\/ -->\n<title>Reserves | Erica Domenech<\/title>\n<meta name=\"description\" content=\"Planifica la teua sessi\u00f3 de fotos d&#039;una manera senzilla i c\u00f2moda. Tria el dia i l&#039;hora que millor s&#039;adapten a tu per a assegurar-te una experi\u00e8ncia\" \/>\n<meta name=\"robots\" content=\"index, follow, max-snippet:-1, max-image-preview:large, max-video-preview:-1\" \/>\n<link rel=\"canonical\" href=\"https:\/\/estudiofotograficoericadomenech.com\/va\/reserves\/\" \/>\n<meta property=\"og:locale\" content=\"en_US\" \/>\n<meta property=\"og:type\" content=\"article\" \/>\n<meta property=\"og:title\" content=\"Reserves | Erica Domenech\" \/>\n<meta property=\"og:description\" content=\"Planifica la teua sessi\u00f3 de fotos d&#039;una manera senzilla i c\u00f2moda. Tria el dia i l&#039;hora que millor s&#039;adapten a tu per a assegurar-te una experi\u00e8ncia\" \/>\n<meta property=\"og:url\" content=\"https:\/\/estudiofotograficoericadomenech.com\/va\/reserves\/\" \/>\n<meta property=\"og:site_name\" content=\"Erica Domenech\" \/>\n<meta property=\"article:modified_time\" content=\"2024-07-23T13:35:36+00:00\" \/>\n<meta property=\"og:image\" content=\"https:\/\/estudiofotograficoericadomenech.com\/wp-content\/uploads\/2024\/06\/hero-home.jpg\" \/>\n\t<meta property=\"og:image:width\" content=\"1920\" \/>\n\t<meta property=\"og:image:height\" content=\"1080\" \/>\n\t<meta property=\"og:image:type\" content=\"image\/jpeg\" \/>\n<meta name=\"twitter:card\" content=\"summary_large_image\" \/>\n<script type=\"application\/ld+json\" class=\"yoast-schema-graph\">{\"@context\":\"https:\/\/schema.org\",\"@graph\":[{\"@type\":\"WebPage\",\"@id\":\"https:\/\/estudiofotograficoericadomenech.com\/va\/reserves\/\",\"url\":\"https:\/\/estudiofotograficoericadomenech.com\/va\/reserves\/\",\"name\":\"Reserves | Erica Domenech\",\"isPartOf\":{\"@id\":\"https:\/\/estudiofotograficoericadomenech.com\/va\/#website\"},\"primaryImageOfPage\":{\"@id\":\"https:\/\/estudiofotograficoericadomenech.com\/va\/reserves\/#primaryimage\"},\"image\":{\"@id\":\"https:\/\/estudiofotograficoericadomenech.com\/va\/reserves\/#primaryimage\"},\"thumbnailUrl\":\"https:\/\/estudiofotograficoericadomenech.com\/wp-content\/uploads\/2026\/03\/LIMO5902-scaled.jpg\",\"datePublished\":\"2024-06-06T03:43:45+00:00\",\"dateModified\":\"2024-07-23T13:35:36+00:00\",\"description\":\"Planifica la teua sessi\u00f3 de fotos d'una manera senzilla i c\u00f2moda. Tria el dia i l'hora que millor s'adapten a tu per a assegurar-te una experi\u00e8ncia\",\"breadcrumb\":{\"@id\":\"https:\/\/estudiofotograficoericadomenech.com\/va\/reserves\/#breadcrumb\"},\"inLanguage\":\"va-ES\",\"potentialAction\":[{\"@type\":\"ReadAction\",\"target\":[\"https:\/\/estudiofotograficoericadomenech.com\/va\/reserves\/\"]}]},{\"@type\":\"ImageObject\",\"inLanguage\":\"va-ES\",\"@id\":\"https:\/\/estudiofotograficoericadomenech.com\/va\/reserves\/#primaryimage\",\"url\":\"https:\/\/estudiofotograficoericadomenech.com\/wp-content\/uploads\/2026\/03\/LIMO5902-scaled.jpg\",\"contentUrl\":\"https:\/\/estudiofotograficoericadomenech.com\/wp-content\/uploads\/2026\/03\/LIMO5902-scaled.jpg\",\"width\":2560,\"height\":1707},{\"@type\":\"BreadcrumbList\",\"@id\":\"https:\/\/estudiofotograficoericadomenech.com\/va\/reserves\/#breadcrumb\",\"itemListElement\":[{\"@type\":\"ListItem\",\"position\":1,\"name\":\"Home\",\"item\":\"https:\/\/estudiofotograficoericadomenech.com\/va\/\"},{\"@type\":\"ListItem\",\"position\":2,\"name\":\"Reserves\"}]},{\"@type\":\"WebSite\",\"@id\":\"https:\/\/estudiofotograficoericadomenech.com\/va\/#website\",\"url\":\"https:\/\/estudiofotograficoericadomenech.com\/va\/\",\"name\":\"Erica Domenech\",\"description\":\"Estudio Fotogr\u00e1fico Infantil y de Familia en Xixona\",\"potentialAction\":[{\"@type\":\"SearchAction\",\"target\":{\"@type\":\"EntryPoint\",\"urlTemplate\":\"https:\/\/estudiofotograficoericadomenech.com\/va\/?s={search_term_string}\"},\"query-input\":{\"@type\":\"PropertyValueSpecification\",\"valueRequired\":true,\"valueName\":\"search_term_string\"}}],\"inLanguage\":\"va-ES\"}]}<\/script>\n<!-- \/ Yoast SEO plugin. -->","yoast_head_json":{"title":"Reserves | Erica Domenech","description":"Planifica la teua sessi\u00f3 de fotos d'una manera senzilla i c\u00f2moda. Tria el dia i l'hora que millor s'adapten a tu per a assegurar-te una experi\u00e8ncia","robots":{"index":"index","follow":"follow","max-snippet":"max-snippet:-1","max-image-preview":"max-image-preview:large","max-video-preview":"max-video-preview:-1"},"canonical":"https:\/\/estudiofotograficoericadomenech.com\/va\/reserves\/","og_locale":"en_US","og_type":"article","og_title":"Reserves | Erica Domenech","og_description":"Planifica la teua sessi\u00f3 de fotos d'una manera senzilla i c\u00f2moda. Tria el dia i l'hora que millor s'adapten a tu per a assegurar-te una experi\u00e8ncia","og_url":"https:\/\/estudiofotograficoericadomenech.com\/va\/reserves\/","og_site_name":"Erica Domenech","article_modified_time":"2024-07-23T13:35:36+00:00","og_image":[{"width":1920,"height":1080,"url":"https:\/\/estudiofotograficoericadomenech.com\/wp-content\/uploads\/2024\/06\/hero-home.jpg","type":"image\/jpeg"}],"twitter_card":"summary_large_image","schema":{"@context":"https:\/\/schema.org","@graph":[{"@type":"WebPage","@id":"https:\/\/estudiofotograficoericadomenech.com\/va\/reserves\/","url":"https:\/\/estudiofotograficoericadomenech.com\/va\/reserves\/","name":"Reserves | Erica Domenech","isPartOf":{"@id":"https:\/\/estudiofotograficoericadomenech.com\/va\/#website"},"primaryImageOfPage":{"@id":"https:\/\/estudiofotograficoericadomenech.com\/va\/reserves\/#primaryimage"},"image":{"@id":"https:\/\/estudiofotograficoericadomenech.com\/va\/reserves\/#primaryimage"},"thumbnailUrl":"https:\/\/estudiofotograficoericadomenech.com\/wp-content\/uploads\/2026\/03\/LIMO5902-scaled.jpg","datePublished":"2024-06-06T03:43:45+00:00","dateModified":"2024-07-23T13:35:36+00:00","description":"Planifica la teua sessi\u00f3 de fotos d'una manera senzilla i c\u00f2moda. Tria el dia i l'hora que millor s'adapten a tu per a assegurar-te una experi\u00e8ncia","breadcrumb":{"@id":"https:\/\/estudiofotograficoericadomenech.com\/va\/reserves\/#breadcrumb"},"inLanguage":"va-ES","potentialAction":[{"@type":"ReadAction","target":["https:\/\/estudiofotograficoericadomenech.com\/va\/reserves\/"]}]},{"@type":"ImageObject","inLanguage":"va-ES","@id":"https:\/\/estudiofotograficoericadomenech.com\/va\/reserves\/#primaryimage","url":"https:\/\/estudiofotograficoericadomenech.com\/wp-content\/uploads\/2026\/03\/LIMO5902-scaled.jpg","contentUrl":"https:\/\/estudiofotograficoericadomenech.com\/wp-content\/uploads\/2026\/03\/LIMO5902-scaled.jpg","width":2560,"height":1707},{"@type":"BreadcrumbList","@id":"https:\/\/estudiofotograficoericadomenech.com\/va\/reserves\/#breadcrumb","itemListElement":[{"@type":"ListItem","position":1,"name":"Home","item":"https:\/\/estudiofotograficoericadomenech.com\/va\/"},{"@type":"ListItem","position":2,"name":"Reserves"}]},{"@type":"WebSite","@id":"https:\/\/estudiofotograficoericadomenech.com\/va\/#website","url":"https:\/\/estudiofotograficoericadomenech.com\/va\/","name":"Erica Domenech","description":"Estudio Fotogr\u00e1fico Infantil y de Familia en Xixona","potentialAction":[{"@type":"SearchAction","target":{"@type":"EntryPoint","urlTemplate":"https:\/\/estudiofotograficoericadomenech.com\/va\/?s={search_term_string}"},"query-input":{"@type":"PropertyValueSpecification","valueRequired":true,"valueName":"search_term_string"}}],"inLanguage":"va-ES"}]}},"_links":{"self":[{"href":"https:\/\/estudiofotograficoericadomenech.com\/va\/wp-json\/wp\/v2\/pages\/926","targetHints":{"allow":["GET"]}}],"collection":[{"href":"https:\/\/estudiofotograficoericadomenech.com\/va\/wp-json\/wp\/v2\/pages"}],"about":[{"href":"https:\/\/estudiofotograficoericadomenech.com\/va\/wp-json\/wp\/v2\/types\/page"}],"author":[{"embeddable":true,"href":"https:\/\/estudiofotograficoericadomenech.com\/va\/wp-json\/wp\/v2\/users\/4"}],"replies":[{"embeddable":true,"href":"https:\/\/estudiofotograficoericadomenech.com\/va\/wp-json\/wp\/v2\/comments?post=926"}],"version-history":[{"count":0,"href":"https:\/\/estudiofotograficoericadomenech.com\/va\/wp-json\/wp\/v2\/pages\/926\/revisions"}],"wp:featuredmedia":[{"embeddable":true,"href":"https:\/\/estudiofotograficoericadomenech.com\/va\/wp-json\/wp\/v2\/media\/12841"}],"wp:attachment":[{"href":"https:\/\/estudiofotograficoericadomenech.com\/va\/wp-json\/wp\/v2\/media?parent=926"}],"curies":[{"name":"wp","href":"https:\/\/api.w.org\/{rel}","templated":true}]}}